{"id":243,"date":"2022-12-19T11:13:45","date_gmt":"2022-12-19T11:13:45","guid":{"rendered":"https:\/\/www.anita-flamenco.fr\/?page_id=243"},"modified":"2026-01-07T16:43:53","modified_gmt":"2026-01-07T16:43:53","slug":"agenda","status":"publish","type":"page","link":"https:\/\/www.anita-flamenco.fr\/index.php\/agenda\/","title":{"rendered":"Agenda"},"content":{"rendered":"\t\t<div data-elementor-type=\"wp-page\" data-elementor-id=\"243\" class=\"elementor elementor-243\" data-elementor-post-type=\"page\">\n\t\t\t\t\t\t<section class=\"elementor-section elementor-top-section elementor-element elementor-element-829c031 elementor-section-boxed elementor-section-height-default elementor-section-height-default parallax_section_no qode_elementor_container_no\" data-id=\"829c031\" data-element_type=\"section\" data-e-type=\"section\">\n\t\t\t\t\t\t<div class=\"elementor-container elementor-column-gap-default\">\n\t\t\t\t\t<div class=\"elementor-column elementor-col-100 elementor-top-column elementor-element elementor-element-f55c357\" data-id=\"f55c357\" data-element_type=\"column\" data-e-type=\"column\">\n\t\t\t<div class=\"elementor-widget-wrap elementor-element-populated\">\n\t\t\t\t\t\t<div class=\"elementor-element elementor-element-64ed417 elementor-widget elementor-widget-text-editor\" data-id=\"64ed417\" data-element_type=\"widget\" data-e-type=\"widget\" data-widget_type=\"text-editor.default\">\n\t\t\t\t<div class=\"elementor-widget-container\">\n\t\t\t\t\t\t\t\t\t<p><strong>01 F\u00e9vrier 2026<\/strong> :<\/p><p>Chapelle-Eglise Saint-Philippe du Roule , Paris 8\u1d49<\/p><p>\u00a0<\/p><p><strong>14 F\u00e9vrier 2026<\/strong> :<\/p><p>Le Cam\u00e9l\u00e9on, place de la fraternit\u00e9, 95300 Pontoise<\/p>\t\t\t\t\t\t\t\t<\/div>\n\t\t\t\t<\/div>\n\t\t\t\t\t<\/div>\n\t\t<\/div>\n\t\t\t\t\t<\/div>\n\t\t<\/section>\n\t\t\t\t<\/div>\n\t\t","protected":false},"excerpt":{"rendered":"<p>01 F\u00e9vrier 2026 : Chapelle-Eglise Saint-Philippe du Roule , Paris 8\u1d49 \u00a0 14 F\u00e9vrier 2026 : Le Cam\u00e9l\u00e9on, place de la fraternit\u00e9, 95300 Pontoise<\/p>\n","protected":false},"author":1,"featured_media":0,"parent":0,"menu_order":0,"comment_status":"closed","ping_status":"closed","template":"","meta":{"footnotes":""},"class_list":["post-243","page","type-page","status-publish","hentry"],"_links":{"self":[{"href":"https:\/\/www.anita-flamenco.fr\/index.php\/wp-json\/wp\/v2\/pages\/243","targetHints":{"allow":["GET"]}}],"collection":[{"href":"https:\/\/www.anita-flamenco.fr\/index.php\/wp-json\/wp\/v2\/pages"}],"about":[{"href":"https:\/\/www.anita-flamenco.fr\/index.php\/wp-json\/wp\/v2\/types\/page"}],"author":[{"embeddable":true,"href":"https:\/\/www.anita-flamenco.fr\/index.php\/wp-json\/wp\/v2\/users\/1"}],"replies":[{"embeddable":true,"href":"https:\/\/www.anita-flamenco.fr\/index.php\/wp-json\/wp\/v2\/comments?post=243"}],"version-history":[{"count":17,"href":"https:\/\/www.anita-flamenco.fr\/index.php\/wp-json\/wp\/v2\/pages\/243\/revisions"}],"predecessor-version":[{"id":592,"href":"https:\/\/www.anita-flamenco.fr\/index.php\/wp-json\/wp\/v2\/pages\/243\/revisions\/592"}],"wp:attachment":[{"href":"https:\/\/www.anita-flamenco.fr\/index.php\/wp-json\/wp\/v2\/media?parent=243"}],"curies":[{"name":"wp","href":"https:\/\/api.w.org\/{rel}","templated":true}]}}